{"id":788,"date":"2022-12-16T19:21:39","date_gmt":"2022-12-16T18:21:39","guid":{"rendered":"https:\/\/tout-pour-loulou.com\/?page_id=788"},"modified":"2026-01-07T16:14:01","modified_gmt":"2026-01-07T15:14:01","slug":"liens","status":"publish","type":"page","link":"https:\/\/elevagedesjoursetoiles.fr\/index.php\/liens\/","title":{"rendered":"liens"},"content":{"rendered":"<p>[et_pb_section fb_built=\u00a0\u00bb1&Prime; _builder_version=\u00a0\u00bb4.19.1&Prime; _module_preset=\u00a0\u00bbdefault\u00a0\u00bb global_colors_info=\u00a0\u00bb{}\u00a0\u00bb][et_pb_row column_structure=\u00a0\u00bb1_3,1_3,1_3&Prime; _builder_version=\u00a0\u00bb4.19.5&Prime; _module_preset=\u00a0\u00bbdefault\u00a0\u00bb link_option_url=\u00a0\u00bbhttps:\/\/www.facebook.com\/profile.php?id=100088208525117&Prime; global_colors_info=\u00a0\u00bb{}\u00a0\u00bb][et_pb_column type=\u00a0\u00bb1_3&Prime; _builder_version=\u00a0\u00bb4.19.1&Prime; _module_preset=\u00a0\u00bbdefault\u00a0\u00bb link_option_url=\u00a0\u00bbhttps:\/\/www.facebook.com\/profile.php?id=100088208525117&Prime; global_colors_info=\u00a0\u00bb{}\u00a0\u00bb][et_pb_image src=\u00a0\u00bbhttps:\/\/tout-pour-loulou.com\/wp-content\/uploads\/2022\/11\/Capture-decran-2022-11-12-195020.png\u00a0\u00bb title_text=\u00a0\u00bbCapture d\u2019\u00e9cran 2022-11-12 195020&Prime; url=\u00a0\u00bbhttps:\/\/www.facebook.com\/profile.php?id=100088208525117&Prime; src_tablet=\u00a0\u00bbhttps:\/\/tout-pour-loulou.com\/wp-content\/uploads\/2022\/11\/Capture-decran-2022-11-12-195020.png\u00a0\u00bb src_phone=\u00a0\u00bbhttps:\/\/tout-pour-loulou.com\/wp-content\/uploads\/2022\/11\/Capture-decran-2022-11-12-195020.png\u00a0\u00bb src_last_edited=\u00a0\u00bbon|desktop\u00a0\u00bb _builder_version=\u00a0\u00bb4.19.5&Prime; _module_preset=\u00a0\u00bbdefault\u00a0\u00bb global_colors_info=\u00a0\u00bb{}\u00a0\u00bb][\/et_pb_image][\/et_pb_column][et_pb_column type=\u00a0\u00bb1_3&Prime; _builder_version=\u00a0\u00bb4.19.5&Prime; _module_preset=\u00a0\u00bbdefault\u00a0\u00bb global_colors_info=\u00a0\u00bb{}\u00a0\u00bb][\/et_pb_column][et_pb_column type=\u00a0\u00bb1_3&Prime; _builder_version=\u00a0\u00bb4.19.5&Prime; _module_preset=\u00a0\u00bbdefault\u00a0\u00bb global_colors_info=\u00a0\u00bb{}\u00a0\u00bb][et_pb_image src=\u00a0\u00bbhttps:\/\/elevagedesjoursetoiles.fr\/wp-content\/uploads\/2024\/07\/el956329-code-Esprit-dog-pdf.jpg\u00a0\u00bb title_text=\u00a0\u00bbel956329 code Esprit dog\u00a0\u00bb _builder_version=\u00a0\u00bb4.25.2&Prime; _module_preset=\u00a0\u00bbdefault\u00a0\u00bb global_colors_info=\u00a0\u00bb{}\u00a0\u00bb][\/et_pb_image][\/et_pb_column][\/et_pb_row][et_pb_row column_structure=\u00a0\u00bb1_3,1_3,1_3&Prime; _builder_version=\u00a0\u00bb4.24.0&Prime; _module_preset=\u00a0\u00bbdefault\u00a0\u00bb link_option_url=\u00a0\u00bbhttps:\/\/www.homeoanimo.com\u00a0\u00bb global_colors_info=\u00a0\u00bb{}\u00a0\u00bb][et_pb_column type=\u00a0\u00bb1_3&Prime; _builder_version=\u00a0\u00bb4.20.4&Prime; _module_preset=\u00a0\u00bbdefault\u00a0\u00bb background_color=\u00a0\u00bb#7CDA24&Prime; link_option_url=\u00a0\u00bbhttps:\/\/www.homeoanimo.com\/\u00a0\u00bb global_colors_info=\u00a0\u00bb{}\u00a0\u00bb][et_pb_accordion _builder_version=\u00a0\u00bb4.20.4&Prime; _module_preset=\u00a0\u00bbdefault\u00a0\u00bb link_option_url=\u00a0\u00bbhttps:\/\/www.homeoanimo.com\/\u00a0\u00bb global_colors_info=\u00a0\u00bb{}\u00a0\u00bb][et_pb_accordion_item open=\u00a0\u00bbon\u00a0\u00bb _builder_version=\u00a0\u00bb4.20.4&Prime; _module_preset=\u00a0\u00bbdefault\u00a0\u00bb global_colors_info=\u00a0\u00bb{}\u00a0\u00bb][\/et_pb_accordion_item][et_pb_accordion_item _builder_version=\u00a0\u00bb4.20.4&Prime; _module_preset=\u00a0\u00bbdefault\u00a0\u00bb global_colors_info=\u00a0\u00bb{}\u00a0\u00bb open=\u00a0\u00bboff\u00a0\u00bb]<\/p>\n<p>Your content goes here. Edit or remove this text inline or in the module Content settings. You can also style every aspect of this content in the module Design settings and even apply custom CSS to this text in the module Advanced settings.<\/p>\n<p>[\/et_pb_accordion_item][\/et_pb_accordion][\/et_pb_column][et_pb_column type=\u00a0\u00bb1_3&Prime; _builder_version=\u00a0\u00bb4.20.4&Prime; _module_preset=\u00a0\u00bbdefault\u00a0\u00bb link_option_url=\u00a0\u00bbhttps:\/\/www.homeoanimo.com\/\u00a0\u00bb global_colors_info=\u00a0\u00bb{}\u00a0\u00bb][et_pb_image src=\u00a0\u00bbhttps:\/\/elevagedesjoursetoiles.fr\/wp-content\/uploads\/2023\/05\/image.png\u00a0\u00bb title_text=\u00a0\u00bbimage\u00a0\u00bb _builder_version=\u00a0\u00bb4.24.0&Prime; _module_preset=\u00a0\u00bbdefault\u00a0\u00bb background_color=\u00a0\u00bb#000000&Prime; global_colors_info=\u00a0\u00bb{}\u00a0\u00bb][\/et_pb_image][\/et_pb_column][et_pb_column type=\u00a0\u00bb1_3&Prime; _builder_version=\u00a0\u00bb4.24.0&Prime; _module_preset=\u00a0\u00bbdefault\u00a0\u00bb global_colors_info=\u00a0\u00bb{}\u00a0\u00bb][et_pb_text _builder_version=\u00a0\u00bb4.24.0&Prime; _module_preset=\u00a0\u00bbdefault\u00a0\u00bb global_colors_info=\u00a0\u00bb{}\u00a0\u00bb]<\/p>\n<h3>Les produits naturels ne sont PAS tous \u00e9gaux<\/h3>\n<p><strong><span style=\"font-size: x-large;\">Voil\u00e0 o\u00f9 HomeoAnimo \u2122<br \/>se d\u00e9marque vraiment!<\/span><\/strong><\/p>\n<p>[\/et_pb_text][\/et_pb_column][\/et_pb_row][et_pb_row _builder_version=\u00a0\u00bb4.25.2&Prime; _module_preset=\u00a0\u00bbdefault\u00a0\u00bb link_option_url=\u00a0\u00bbhttp:\/\/www.inconscience-hypnose.com\/Marina-Mattera-Hypnotherapeute-Ain.php\u00a0\u00bb global_colors_info=\u00a0\u00bb{}\u00a0\u00bb][et_pb_column type=\u00a0\u00bb4_4&Prime; _builder_version=\u00a0\u00bb4.19.1&Prime; _module_preset=\u00a0\u00bbdefault\u00a0\u00bb link_option_url=\u00a0\u00bbhttps:\/\/www.facebook.com\/profile.php?id=100088208525117&Prime; global_colors_info=\u00a0\u00bb{}\u00a0\u00bb][et_pb_image src=\u00a0\u00bbhttps:\/\/tout-pour-loulou.com\/wp-content\/uploads\/2023\/02\/logo.png\u00a0\u00bb title_text=\u00a0\u00bblogo\u00a0\u00bb url=\u00a0\u00bbhttps:\/\/mp-canina.fr\/\u00a0\u00bb _builder_version=\u00a0\u00bb4.19.5&Prime; _module_preset=\u00a0\u00bbdefault\u00a0\u00bb global_colors_info=\u00a0\u00bb{}\u00a0\u00bb][\/et_pb_image][\/et_pb_column][\/et_pb_row][\/et_pb_section][et_pb_section fb_built=\u00a0\u00bb1&Prime; _builder_version=\u00a0\u00bb4.24.0&Prime; _module_preset=\u00a0\u00bbdefault\u00a0\u00bb global_colors_info=\u00a0\u00bb{}\u00a0\u00bb][et_pb_row column_structure=\u00a0\u00bb1_2,1_2&Prime; _builder_version=\u00a0\u00bb4.24.0&Prime; _module_preset=\u00a0\u00bbdefault\u00a0\u00bb link_option_url=\u00a0\u00bbhttps:\/\/www.chiensetchatsnaturellement.com\/blog\/3-recettes-de-friandises-pour-chiens-a-faire-soi-meme-n23&Prime; global_colors_info=\u00a0\u00bb{}\u00a0\u00bb][et_pb_column type=\u00a0\u00bb1_2&Prime; _builder_version=\u00a0\u00bb4.24.0&Prime; _module_preset=\u00a0\u00bbdefault\u00a0\u00bb global_colors_info=\u00a0\u00bb{}\u00a0\u00bb][et_pb_image src=\u00a0\u00bbhttps:\/\/elevagedesjoursetoiles.fr\/wp-content\/uploads\/2024\/01\/chiens-et-chats-naturellement-logo-1649233796.png\u00a0\u00bb title_text=\u00a0\u00bbchiens-et-chats-naturellement-logo-1649233796&Prime; _builder_version=\u00a0\u00bb4.24.0&Prime; _module_preset=\u00a0\u00bbdefault\u00a0\u00bb global_colors_info=\u00a0\u00bb{}\u00a0\u00bb][\/et_pb_image][\/et_pb_column][et_pb_column type=\u00a0\u00bb1_2&Prime; _builder_version=\u00a0\u00bb4.24.0&Prime; _module_preset=\u00a0\u00bbdefault\u00a0\u00bb global_colors_info=\u00a0\u00bb{}\u00a0\u00bb][et_pb_text _builder_version=\u00a0\u00bb4.24.0&Prime; _module_preset=\u00a0\u00bbdefault\u00a0\u00bb global_colors_info=\u00a0\u00bb{}\u00a0\u00bb]<\/p>\n<p><strong>produits et conseils naturels, recettes friandises maison<\/strong>.<\/p>\n<p>[\/et_pb_text][\/et_pb_column][\/et_pb_row][\/et_pb_section][et_pb_section fb_built=\u00a0\u00bb1&Prime; _builder_version=\u00a0\u00bb4.25.2&Prime; _module_preset=\u00a0\u00bbdefault\u00a0\u00bb global_colors_info=\u00a0\u00bb{}\u00a0\u00bb][et_pb_row column_structure=\u00a0\u00bb3_5,2_5&Prime; _builder_version=\u00a0\u00bb4.27.4&Prime; _module_preset=\u00a0\u00bbdefault\u00a0\u00bb background_color=\u00a0\u00bb#E02B20&Prime; link_option_url=\u00a0\u00bbhttps:\/\/peintremattera.com\/\u00a0\u00bb global_colors_info=\u00a0\u00bb{}\u00a0\u00bb][et_pb_column type=\u00a0\u00bb3_5&Prime; _builder_version=\u00a0\u00bb4.27.4&Prime; _module_preset=\u00a0\u00bbdefault\u00a0\u00bb background_color=\u00a0\u00bbRGBA(235,0,239,0.87)\u00a0\u00bb link_option_url=\u00a0\u00bbhttp:\/\/www.inconscience-hypnose.com\/Marina-Mattera-Hypnotherapeute-Ain.php\u00a0\u00bb global_colors_info=\u00a0\u00bb{}\u00a0\u00bb][\/et_pb_column][et_pb_column type=\u00a0\u00bb2_5&Prime; _builder_version=\u00a0\u00bb4.27.4&Prime; _module_preset=\u00a0\u00bbdefault\u00a0\u00bb background_color=\u00a0\u00bbRGBA(235,0,239,0.87)\u00a0\u00bb link_option_url=\u00a0\u00bbhttp:\/\/www.inconscience-hypnose.com\/Marina-Mattera-Hypnotherapeute-Ain.php\u00a0\u00bb global_colors_info=\u00a0\u00bb{}\u00a0\u00bb][et_pb_heading title=\u00a0\u00bbMarina Mattera, peintre et th\u00e9rapeute\u00a0\u00bb _builder_version=\u00a0\u00bb4.27.4&Prime; _module_preset=\u00a0\u00bbdefault\u00a0\u00bb global_colors_info=\u00a0\u00bb{}\u00a0\u00bb][\/et_pb_heading][\/et_pb_column][\/et_pb_row][et_pb_row _builder_version=\u00a0\u00bb4.27.4&Prime; _module_preset=\u00a0\u00bbdefault\u00a0\u00bb background_color=\u00a0\u00bb#0C71C3&Prime; global_colors_info=\u00a0\u00bb{}\u00a0\u00bb][et_pb_column type=\u00a0\u00bb4_4&Prime; _builder_version=\u00a0\u00bb4.27.4&Prime; _module_preset=\u00a0\u00bbdefault\u00a0\u00bb global_colors_info=\u00a0\u00bb{}\u00a0\u00bb][et_pb_heading title=\u00a0\u00bbNouveau partenariat pour la sant\u00e9 des chiots adopt\u00e9s: Avec mon lien de parrainage, vous obtiendrez un tarif pr\u00e9f\u00e9rentiel.\u00a0\u00bb _builder_version=\u00a0\u00bb4.27.4&Prime; _module_preset=\u00a0\u00bbdefault\u00a0\u00bb global_colors_info=\u00a0\u00bb{}\u00a0\u00bb][\/et_pb_heading][\/et_pb_column][\/et_pb_row][et_pb_row _builder_version=\u00a0\u00bb4.27.4&Prime; _module_preset=\u00a0\u00bbdefault\u00a0\u00bb global_colors_info=\u00a0\u00bb{}\u00a0\u00bb][et_pb_column type=\u00a0\u00bb4_4&Prime; _builder_version=\u00a0\u00bb4.27.4&Prime; _module_preset=\u00a0\u00bbdefault\u00a0\u00bb global_colors_info=\u00a0\u00bb{}\u00a0\u00bb][\/et_pb_column][\/et_pb_row][et_pb_row _builder_version=\u00a0\u00bb4.27.5&Prime; _module_preset=\u00a0\u00bbdefault\u00a0\u00bb][et_pb_column _builder_version=\u00a0\u00bb4.27.5&Prime; _module_preset=\u00a0\u00bbdefault\u00a0\u00bb type=\u00a0\u00bb4_4&Prime;][et_pb_heading title=\u00a0\u00bbhttps:\/\/proopoil.fr\/connexion?next=%2Fpartenaire%2Ftableau-de-bord\u00a0\u00bb _builder_version=\u00a0\u00bb4.27.5&Prime; _module_preset=\u00a0\u00bbdefault\u00a0\u00bb hover_enabled=\u00a0\u00bb0&Prime; sticky_enabled=\u00a0\u00bb0&Prime;][\/et_pb_heading][\/et_pb_column][\/et_pb_row][et_pb_row _builder_version=\u00a0\u00bb4.27.4&Prime; _module_preset=\u00a0\u00bbdefault\u00a0\u00bb global_colors_info=\u00a0\u00bb{}\u00a0\u00bb][et_pb_column type=\u00a0\u00bb4_4&Prime; _builder_version=\u00a0\u00bb4.27.4&Prime; _module_preset=\u00a0\u00bbdefault\u00a0\u00bb global_colors_info=\u00a0\u00bb{}\u00a0\u00bb][et_pb_image src=\u00a0\u00bbhttps:\/\/elevagedesjoursetoiles.fr\/wp-content\/uploads\/2025\/12\/FLYER.jpg\u00a0\u00bb title_text=\u00a0\u00bbFLYER\u00a0\u00bb _builder_version=\u00a0\u00bb4.27.4&Prime; _module_preset=\u00a0\u00bbdefault\u00a0\u00bb global_colors_info=\u00a0\u00bb{}\u00a0\u00bb][\/et_pb_image][\/et_pb_column][\/et_pb_row][\/et_pb_section]<\/p>\n","protected":false},"excerpt":{"rendered":"<p>Your content goes here. Edit or remove this text inline or in the module Content settings. You can also style every aspect of this content in the module Design settings and even apply custom CSS to this text in the module Advanced settings.Les produits naturels ne sont PAS tous \u00e9gaux Voil\u00e0 o\u00f9 HomeoAnimo \u2122se d\u00e9marque [&hellip;]<\/p>\n","protected":false},"author":1,"featured_media":0,"parent":0,"menu_order":0,"comment_status":"closed","ping_status":"closed","template":"","meta":{"_et_pb_use_builder":"on","_et_pb_old_content":"","_et_gb_content_width":"","footnotes":""},"class_list":["post-788","page","type-page","status-publish","hentry"],"yoast_head":"<!-- This site is optimized with the Yoast SEO plugin v27.2 - https:\/\/yoast.com\/product\/yoast-seo-wordpress\/ -->\n<title>liens - Elevage des jours \u00e9toil\u00e9es<\/title>\n<meta name=\"description\" content=\"chiot caniche chihuahua poils raz sans poil exotic autres couleurs\" \/>\n<meta name=\"robots\" content=\"index, follow, max-snippet:-1, max-image-preview:large, max-video-preview:-1\" \/>\n<link rel=\"canonical\" href=\"https:\/\/elevagedesjoursetoiles.fr\/index.php\/liens\/\" \/>\n<meta name=\"twitter:card\" content=\"summary_large_image\" \/>\n<meta name=\"twitter:title\" content=\"liens - Elevage des jours \u00e9toil\u00e9es\" \/>\n<meta name=\"twitter:description\" content=\"chiot caniche chihuahua poils raz sans poil exotic autres couleurs\" \/>\n<meta name=\"twitter:label1\" content=\"Dur\u00e9e de lecture estim\u00e9e\" \/>\n\t<meta name=\"twitter:data1\" content=\"5 minutes\" \/>\n<script type=\"application\/ld+json\" class=\"yoast-schema-graph\">{\"@context\":\"https:\/\/schema.org\",\"@graph\":[{\"@type\":\"WebPage\",\"@id\":\"https:\/\/elevagedesjoursetoiles.fr\/index.php\/liens\/\",\"url\":\"https:\/\/elevagedesjoursetoiles.fr\/index.php\/liens\/\",\"name\":\"liens - Elevage des jours \u00e9toil\u00e9es\",\"isPartOf\":{\"@id\":\"https:\/\/elevagedesjoursetoiles.fr\/#website\"},\"datePublished\":\"2022-12-16T18:21:39+00:00\",\"dateModified\":\"2026-01-07T15:14:01+00:00\",\"description\":\"chiot caniche chihuahua poils raz sans poil exotic autres couleurs\",\"breadcrumb\":{\"@id\":\"https:\/\/elevagedesjoursetoiles.fr\/index.php\/liens\/#breadcrumb\"},\"inLanguage\":\"fr-FR\",\"potentialAction\":[{\"@type\":\"ReadAction\",\"target\":[\"https:\/\/elevagedesjoursetoiles.fr\/index.php\/liens\/\"]}]},{\"@type\":\"BreadcrumbList\",\"@id\":\"https:\/\/elevagedesjoursetoiles.fr\/index.php\/liens\/#breadcrumb\",\"itemListElement\":[{\"@type\":\"ListItem\",\"position\":1,\"name\":\"Accueil\",\"item\":\"https:\/\/elevagedesjoursetoiles.fr\/\"},{\"@type\":\"ListItem\",\"position\":2,\"name\":\"liens\"}]},{\"@type\":\"WebSite\",\"@id\":\"https:\/\/elevagedesjoursetoiles.fr\/#website\",\"url\":\"https:\/\/elevagedesjoursetoiles.fr\/\",\"name\":\"Elevage des jours \u00e9toil\u00e9es\",\"description\":\"promouvoir \u00e9levage canin professionnel de caniche, spitz.\",\"publisher\":{\"@id\":\"https:\/\/elevagedesjoursetoiles.fr\/#\/schema\/person\/b24c097b59533c6b53e9766f6e2477f9\"},\"potentialAction\":[{\"@type\":\"SearchAction\",\"target\":{\"@type\":\"EntryPoint\",\"urlTemplate\":\"https:\/\/elevagedesjoursetoiles.fr\/?s={search_term_string}\"},\"query-input\":{\"@type\":\"PropertyValueSpecification\",\"valueRequired\":true,\"valueName\":\"search_term_string\"}}],\"inLanguage\":\"fr-FR\"},{\"@type\":[\"Person\",\"Organization\"],\"@id\":\"https:\/\/elevagedesjoursetoiles.fr\/#\/schema\/person\/b24c097b59533c6b53e9766f6e2477f9\",\"name\":\"Magali\",\"image\":{\"@type\":\"ImageObject\",\"inLanguage\":\"fr-FR\",\"@id\":\"https:\/\/elevagedesjoursetoiles.fr\/wp-content\/uploads\/2022\/10\/logo-2.png\",\"url\":\"https:\/\/elevagedesjoursetoiles.fr\/wp-content\/uploads\/2022\/10\/logo-2.png\",\"contentUrl\":\"https:\/\/elevagedesjoursetoiles.fr\/wp-content\/uploads\/2022\/10\/logo-2.png\",\"width\":1000,\"height\":1000,\"caption\":\"Magali\"},\"logo\":{\"@id\":\"https:\/\/elevagedesjoursetoiles.fr\/wp-content\/uploads\/2022\/10\/logo-2.png\"},\"sameAs\":[\"http:\/\/tout-pour-loulou.com\",\"https:\/\/www.facebook.com\/magali.periard.9\/\"]}]}<\/script>\n<!-- \/ Yoast SEO plugin. -->","yoast_head_json":{"title":"liens - Elevage des jours \u00e9toil\u00e9es","description":"chiot caniche chihuahua poils raz sans poil exotic autres couleurs","robots":{"index":"index","follow":"follow","max-snippet":"max-snippet:-1","max-image-preview":"max-image-preview:large","max-video-preview":"max-video-preview:-1"},"canonical":"https:\/\/elevagedesjoursetoiles.fr\/index.php\/liens\/","twitter_card":"summary_large_image","twitter_title":"liens - Elevage des jours \u00e9toil\u00e9es","twitter_description":"chiot caniche chihuahua poils raz sans poil exotic autres couleurs","twitter_misc":{"Dur\u00e9e de lecture estim\u00e9e":"5 minutes"},"schema":{"@context":"https:\/\/schema.org","@graph":[{"@type":"WebPage","@id":"https:\/\/elevagedesjoursetoiles.fr\/index.php\/liens\/","url":"https:\/\/elevagedesjoursetoiles.fr\/index.php\/liens\/","name":"liens - Elevage des jours \u00e9toil\u00e9es","isPartOf":{"@id":"https:\/\/elevagedesjoursetoiles.fr\/#website"},"datePublished":"2022-12-16T18:21:39+00:00","dateModified":"2026-01-07T15:14:01+00:00","description":"chiot caniche chihuahua poils raz sans poil exotic autres couleurs","breadcrumb":{"@id":"https:\/\/elevagedesjoursetoiles.fr\/index.php\/liens\/#breadcrumb"},"inLanguage":"fr-FR","potentialAction":[{"@type":"ReadAction","target":["https:\/\/elevagedesjoursetoiles.fr\/index.php\/liens\/"]}]},{"@type":"BreadcrumbList","@id":"https:\/\/elevagedesjoursetoiles.fr\/index.php\/liens\/#breadcrumb","itemListElement":[{"@type":"ListItem","position":1,"name":"Accueil","item":"https:\/\/elevagedesjoursetoiles.fr\/"},{"@type":"ListItem","position":2,"name":"liens"}]},{"@type":"WebSite","@id":"https:\/\/elevagedesjoursetoiles.fr\/#website","url":"https:\/\/elevagedesjoursetoiles.fr\/","name":"Elevage des jours \u00e9toil\u00e9es","description":"promouvoir \u00e9levage canin professionnel de caniche, spitz.","publisher":{"@id":"https:\/\/elevagedesjoursetoiles.fr\/#\/schema\/person\/b24c097b59533c6b53e9766f6e2477f9"},"potentialAction":[{"@type":"SearchAction","target":{"@type":"EntryPoint","urlTemplate":"https:\/\/elevagedesjoursetoiles.fr\/?s={search_term_string}"},"query-input":{"@type":"PropertyValueSpecification","valueRequired":true,"valueName":"search_term_string"}}],"inLanguage":"fr-FR"},{"@type":["Person","Organization"],"@id":"https:\/\/elevagedesjoursetoiles.fr\/#\/schema\/person\/b24c097b59533c6b53e9766f6e2477f9","name":"Magali","image":{"@type":"ImageObject","inLanguage":"fr-FR","@id":"https:\/\/elevagedesjoursetoiles.fr\/wp-content\/uploads\/2022\/10\/logo-2.png","url":"https:\/\/elevagedesjoursetoiles.fr\/wp-content\/uploads\/2022\/10\/logo-2.png","contentUrl":"https:\/\/elevagedesjoursetoiles.fr\/wp-content\/uploads\/2022\/10\/logo-2.png","width":1000,"height":1000,"caption":"Magali"},"logo":{"@id":"https:\/\/elevagedesjoursetoiles.fr\/wp-content\/uploads\/2022\/10\/logo-2.png"},"sameAs":["http:\/\/tout-pour-loulou.com","https:\/\/www.facebook.com\/magali.periard.9\/"]}]}},"_links":{"self":[{"href":"https:\/\/elevagedesjoursetoiles.fr\/index.php\/wp-json\/wp\/v2\/pages\/788","targetHints":{"allow":["GET"]}}],"collection":[{"href":"https:\/\/elevagedesjoursetoiles.fr\/index.php\/wp-json\/wp\/v2\/pages"}],"about":[{"href":"https:\/\/elevagedesjoursetoiles.fr\/index.php\/wp-json\/wp\/v2\/types\/page"}],"author":[{"embeddable":true,"href":"https:\/\/elevagedesjoursetoiles.fr\/index.php\/wp-json\/wp\/v2\/users\/1"}],"replies":[{"embeddable":true,"href":"https:\/\/elevagedesjoursetoiles.fr\/index.php\/wp-json\/wp\/v2\/comments?post=788"}],"version-history":[{"count":37,"href":"https:\/\/elevagedesjoursetoiles.fr\/index.php\/wp-json\/wp\/v2\/pages\/788\/revisions"}],"predecessor-version":[{"id":2719,"href":"https:\/\/elevagedesjoursetoiles.fr\/index.php\/wp-json\/wp\/v2\/pages\/788\/revisions\/2719"}],"wp:attachment":[{"href":"https:\/\/elevagedesjoursetoiles.fr\/index.php\/wp-json\/wp\/v2\/media?parent=788"}],"curies":[{"name":"wp","href":"https:\/\/api.w.org\/{rel}","templated":true}]}}