{"id":257,"date":"2022-10-18T11:44:55","date_gmt":"2022-10-18T09:44:55","guid":{"rendered":"http:\/\/tout-pour-loulou.com\/?page_id=257"},"modified":"2024-11-21T23:50:58","modified_gmt":"2024-11-21T22:50:58","slug":"actualites","status":"publish","type":"page","link":"https:\/\/elevagedesjoursetoiles.fr\/index.php\/actualites\/","title":{"rendered":"Actualit\u00e9s, infos."},"content":{"rendered":"<p>[et_pb_section fb_built=\u00a0\u00bb1&Prime; admin_label=\u00a0\u00bbHeader\u00a0\u00bb _builder_version=\u00a0\u00bb4.18.0&Prime; background_color=\u00a0\u00bb#efebdc\u00a0\u00bb background_image=\u00a0\u00bbhttp:\/\/tout-pour-loulou.com\/wp-content\/uploads\/2022\/10\/dog-walker-10-2.png\u00a0\u00bb parallax=\u00a0\u00bbon\u00a0\u00bb custom_padding=\u00a0\u00bb||1px|||\u00a0\u00bb bottom_divider_style=\u00a0\u00bbwaves\u00a0\u00bb bottom_divider_color=\u00a0\u00bb#faf9f4&Prime; bottom_divider_height=\u00a0\u00bb7vw\u00a0\u00bb bottom_divider_repeat=\u00a0\u00bb0.7x\u00a0\u00bb bottom_divider_flip=\u00a0\u00bbvertical\u00a0\u00bb global_colors_info=\u00a0\u00bb{}\u00a0\u00bb][et_pb_row _builder_version=\u00a0\u00bb4.16&Prime; custom_padding=\u00a0\u00bb||0px|||\u00a0\u00bb global_colors_info=\u00a0\u00bb{}\u00a0\u00bb][et_pb_column type=\u00a0\u00bb4_4&Prime; _builder_version=\u00a0\u00bb4.16&Prime; global_colors_info=\u00a0\u00bb{}\u00a0\u00bb][et_pb_text _builder_version=\u00a0\u00bb4.18.0&Prime; text_font=\u00a0\u00bb||||||||\u00a0\u00bb text_font_size=\u00a0\u00bb24px\u00a0\u00bb text_line_height=\u00a0\u00bb1.8em\u00a0\u00bb header_font=\u00a0\u00bbAmatic SC|700|||||||\u00a0\u00bb header_font_size=\u00a0\u00bb130px\u00a0\u00bb header_line_height=\u00a0\u00bb1.2em\u00a0\u00bb background_color=\u00a0\u00bb#efebdc\u00a0\u00bb text_orientation=\u00a0\u00bbcenter\u00a0\u00bb text_font_size_tablet=\u00a0\u00bb\u00a0\u00bb text_font_size_phone=\u00a0\u00bb22px\u00a0\u00bb text_font_size_last_edited=\u00a0\u00bbon|desktop\u00a0\u00bb header_font_size_tablet=\u00a0\u00bb80px\u00a0\u00bb header_font_size_phone=\u00a0\u00bb60px\u00a0\u00bb header_font_size_last_edited=\u00a0\u00bbon|phone\u00a0\u00bb global_colors_info=\u00a0\u00bb{}\u00a0\u00bb]<\/p>\n<h1>actualit\u00e9s<\/h1>\n<p>[\/et_pb_text][et_pb_blog include_categories=\u00a0\u00bball\u00a0\u00bb use_manual_excerpt=\u00a0\u00bboff\u00a0\u00bb show_more=\u00a0\u00bbon\u00a0\u00bb show_comments=\u00a0\u00bbon\u00a0\u00bb _builder_version=\u00a0\u00bb4.23.1&Prime; _module_preset=\u00a0\u00bbdefault\u00a0\u00bb header_level=\u00a0\u00bbh1&Prime; body_font=\u00a0\u00bb||||||||\u00a0\u00bb body_text_align=\u00a0\u00bbleft\u00a0\u00bb text_orientation=\u00a0\u00bbleft\u00a0\u00bb custom_padding=\u00a0\u00bb2px|||||\u00a0\u00bb hover_enabled=\u00a0\u00bb0&Prime; text_shadow_style=\u00a0\u00bbpreset1&Prime; global_colors_info=\u00a0\u00bb{}\u00a0\u00bb sticky_enabled=\u00a0\u00bb0&Prime;][\/et_pb_blog][et_pb_post_slider bg_overlay_color=\u00a0\u00bbrgba(0,0,0,0.75)\u00a0\u00bb _builder_version=\u00a0\u00bb4.16&Prime; header_font=\u00a0\u00bbAmatic SC|700|||||||\u00a0\u00bb header_font_size=\u00a0\u00bb42px\u00a0\u00bb header_line_height=\u00a0\u00bb1.2em\u00a0\u00bb body_font_size=\u00a0\u00bb16px\u00a0\u00bb body_line_height=\u00a0\u00bb1.8em\u00a0\u00bb meta_font=\u00a0\u00bb|700||on|||||\u00a0\u00bb meta_font_size=\u00a0\u00bb12px\u00a0\u00bb meta_letter_spacing=\u00a0\u00bb1px\u00a0\u00bb meta_line_height=\u00a0\u00bb1.8em\u00a0\u00bb custom_button=\u00a0\u00bbon\u00a0\u00bb button_text_size=\u00a0\u00bb18px\u00a0\u00bb button_text_color=\u00a0\u00bb#ffffff\u00a0\u00bb button_bg_color=\u00a0\u00bb#ee6a5b\u00a0\u00bb button_border_color=\u00a0\u00bbrgba(0,0,0,0)\u00a0\u00bb button_border_radius=\u00a0\u00bb50px\u00a0\u00bb button_font=\u00a0\u00bb|700|||||||\u00a0\u00bb button_icon=\u00a0\u00bb&#x24;||divi||400&Prime; button_custom_padding=\u00a0\u00bb15px|40px|15px|40px|true|true\u00a0\u00bb custom_margin=\u00a0\u00bb80px||||false|false\u00a0\u00bb header_font_size_tablet=\u00a0\u00bb\u00a0\u00bb header_font_size_phone=\u00a0\u00bb30px\u00a0\u00bb header_font_size_last_edited=\u00a0\u00bbon|phone\u00a0\u00bb border_radii=\u00a0\u00bbon|40px|40px|40px|40px\u00a0\u00bb box_shadow_style=\u00a0\u00bbpreset3&Prime; box_shadow_horizontal=\u00a0\u00bb16px\u00a0\u00bb box_shadow_vertical=\u00a0\u00bb16px\u00a0\u00bb box_shadow_blur=\u00a0\u00bb48px\u00a0\u00bb box_shadow_spread=\u00a0\u00bb-8px\u00a0\u00bb box_shadow_color=\u00a0\u00bbrgba(0,0,0,0.19)\u00a0\u00bb global_colors_info=\u00a0\u00bb{}\u00a0\u00bb][\/et_pb_post_slider][et_pb_blog fullwidth=\u00a0\u00bboff\u00a0\u00bb posts_number=\u00a0\u00bb6&Prime; include_categories=\u00a0\u00bb17&Prime; show_categories=\u00a0\u00bboff\u00a0\u00bb _builder_version=\u00a0\u00bb4.19.1&Prime; header_font=\u00a0\u00bbAmatic SC|700|||||||\u00a0\u00bb header_font_size=\u00a0\u00bb24px\u00a0\u00bb header_line_height=\u00a0\u00bb1.2em\u00a0\u00bb body_line_height=\u00a0\u00bb1.8em\u00a0\u00bb meta_font=\u00a0\u00bb|700||on|||||\u00a0\u00bb meta_font_size=\u00a0\u00bb12px\u00a0\u00bb meta_letter_spacing=\u00a0\u00bb1px\u00a0\u00bb meta_line_height=\u00a0\u00bb1.8em\u00a0\u00bb pagination_font=\u00a0\u00bbAmatic SC|700|||||||\u00a0\u00bb pagination_text_color=\u00a0\u00bb#ee6a5b\u00a0\u00bb pagination_font_size=\u00a0\u00bb24px\u00a0\u00bb pagination_line_height=\u00a0\u00bb1.2em\u00a0\u00bb custom_margin=\u00a0\u00bb50px||||false|false\u00a0\u00bb custom_padding=\u00a0\u00bb||||false|false\u00a0\u00bb border_radii=\u00a0\u00bbon|40px|40px|40px|40px\u00a0\u00bb box_shadow_style=\u00a0\u00bbpreset3&Prime; box_shadow_horizontal=\u00a0\u00bb16px\u00a0\u00bb box_shadow_vertical=\u00a0\u00bb16px\u00a0\u00bb box_shadow_blur=\u00a0\u00bb48px\u00a0\u00bb box_shadow_spread=\u00a0\u00bb-8px\u00a0\u00bb box_shadow_color=\u00a0\u00bbrgba(0,0,0,0.19)\u00a0\u00bb global_colors_info=\u00a0\u00bb{}\u00a0\u00bb][\/et_pb_blog][\/et_pb_column][\/et_pb_row][\/et_pb_section][et_pb_section fb_built=\u00a0\u00bb1&Prime; next_background_color=\u00a0\u00bb#f6f3ea\u00a0\u00bb admin_label=\u00a0\u00bbSubscribe\u00a0\u00bb _builder_version=\u00a0\u00bb4.16&Prime; background_color=\u00a0\u00bb#ee6a5b\u00a0\u00bb custom_padding=\u00a0\u00bb12vw||12vw||true|false\u00a0\u00bb top_divider_style=\u00a0\u00bbwaves\u00a0\u00bb top_divider_color=\u00a0\u00bb#faf9f4&Prime; top_divider_height=\u00a0\u00bb7vw\u00a0\u00bb top_divider_repeat=\u00a0\u00bb0.7x\u00a0\u00bb bottom_divider_style=\u00a0\u00bbwaves\u00a0\u00bb bottom_divider_height=\u00a0\u00bb10vw\u00a0\u00bb bottom_divider_repeat=\u00a0\u00bb0.7x\u00a0\u00bb bottom_divider_flip=\u00a0\u00bbhorizontal|vertical\u00a0\u00bb global_colors_info=\u00a0\u00bb{}\u00a0\u00bb][et_pb_row _builder_version=\u00a0\u00bb4.16&Prime; global_colors_info=\u00a0\u00bb{}\u00a0\u00bb][et_pb_column type=\u00a0\u00bb4_4&Prime; _builder_version=\u00a0\u00bb4.16&Prime; global_colors_info=\u00a0\u00bb{}\u00a0\u00bb][et_pb_text _builder_version=\u00a0\u00bb4.16&Prime; text_font=\u00a0\u00bb||||||||\u00a0\u00bb text_font_size=\u00a0\u00bb16px\u00a0\u00bb text_line_height=\u00a0\u00bb1.8em\u00a0\u00bb header_font=\u00a0\u00bb||||||||\u00a0\u00bb header_2_font=\u00a0\u00bbAmatic SC|700|||||||\u00a0\u00bb header_2_font_size=\u00a0\u00bb80px\u00a0\u00bb header_2_line_height=\u00a0\u00bb1.2em\u00a0\u00bb text_orientation=\u00a0\u00bbcenter\u00a0\u00bb background_layout=\u00a0\u00bbdark\u00a0\u00bb max_width=\u00a0\u00bb700px\u00a0\u00bb module_alignment=\u00a0\u00bbcenter\u00a0\u00bb header_2_font_size_tablet=\u00a0\u00bb60px\u00a0\u00bb header_2_font_size_phone=\u00a0\u00bb32px\u00a0\u00bb header_2_font_size_last_edited=\u00a0\u00bbon|phone\u00a0\u00bb global_colors_info=\u00a0\u00bb{}\u00a0\u00bb]<\/p>\n<h2>join The Newsletter<\/h2>\n<p>Lorem ipsum dolor sit amet, consectetur adipiscing elit. Morbi volutpat, leo quis hendrerit dictum, sapien libero fermentum justo, eget faucibus diam arcu.<\/p>\n<p>[\/et_pb_text][et_pb_signup mailchimp_list=\u00a0\u00bbelegantthemestest|1ea2bbd026&Prime; layout=\u00a0\u00bbtop_bottom\u00a0\u00bb first_name_field=\u00a0\u00bboff\u00a0\u00bb last_name_field=\u00a0\u00bboff\u00a0\u00bb button_text=\u00a0\u00bbSubscribe Now\u00a0\u00bb _builder_version=\u00a0\u00bb4.16&Prime; form_field_background_color=\u00a0\u00bbrgba(0,0,0,0)\u00a0\u00bb form_field_text_color=\u00a0\u00bb#ffffff\u00a0\u00bb form_field_text_align=\u00a0\u00bbcenter\u00a0\u00bb form_field_font_size=\u00a0\u00bb16px\u00a0\u00bb form_field_line_height=\u00a0\u00bb1.8em\u00a0\u00bb use_background_color=\u00a0\u00bboff\u00a0\u00bb custom_button=\u00a0\u00bbon\u00a0\u00bb button_text_size=\u00a0\u00bb18px\u00a0\u00bb button_text_color=\u00a0\u00bb#ee6a5b\u00a0\u00bb button_bg_color=\u00a0\u00bb#ffffff\u00a0\u00bb button_border_color=\u00a0\u00bbrgba(0,0,0,0)\u00a0\u00bb button_border_radius=\u00a0\u00bb50px\u00a0\u00bb button_font=\u00a0\u00bb|700|||||||\u00a0\u00bb button_icon=\u00a0\u00bb&#x24;||divi||400&Prime; button_custom_padding=\u00a0\u00bb15px|40px|15px|40px|true|true\u00a0\u00bb max_width=\u00a0\u00bb700px\u00a0\u00bb module_alignment=\u00a0\u00bbcenter\u00a0\u00bb border_radii_fields=\u00a0\u00bbon|50px|50px|50px|50px\u00a0\u00bb border_width_all_fields=\u00a0\u00bb1px\u00a0\u00bb border_color_all_fields=\u00a0\u00bb#ffffff\u00a0\u00bb global_colors_info=\u00a0\u00bb{}\u00a0\u00bb][\/et_pb_signup][\/et_pb_column][\/et_pb_row][\/et_pb_section][et_pb_section fb_built=\u00a0\u00bb1&Prime; admin_label=\u00a0\u00bbFooter\u00a0\u00bb _builder_version=\u00a0\u00bb4.16&Prime; background_color=\u00a0\u00bb#f6f3ea\u00a0\u00bb custom_padding=\u00a0\u00bb||0px|||\u00a0\u00bb locked=\u00a0\u00bboff\u00a0\u00bb global_colors_info=\u00a0\u00bb{}\u00a0\u00bb][et_pb_row custom_padding_last_edited=\u00a0\u00bbon|desktop\u00a0\u00bb _builder_version=\u00a0\u00bb4.16&Prime; background_color=\u00a0\u00bb#efebdc\u00a0\u00bb width=\u00a0\u00bb90%\u00a0\u00bb width_tablet=\u00a0\u00bb95%\u00a0\u00bb width_phone=\u00a0\u00bb\u00a0\u00bb width_last_edited=\u00a0\u00bbon|desktop\u00a0\u00bb max_width=\u00a0\u00bbnone\u00a0\u00bb module_alignment=\u00a0\u00bbright\u00a0\u00bb overflow-x=\u00a0\u00bbvisible\u00a0\u00bb overflow-y=\u00a0\u00bbvisible\u00a0\u00bb custom_padding=\u00a0\u00bb60px|10vw|5vw|40px|false|false\u00a0\u00bb custom_padding_tablet=\u00a0\u00bb|40px|||false|false\u00a0\u00bb custom_padding_phone=\u00a0\u00bb\u00a0\u00bb border_radii=\u00a0\u00bb|200px|||\u00a0\u00bb border_radii_tablet=\u00a0\u00bb|0px|||\u00a0\u00bb border_radii_phone=\u00a0\u00bb\u00a0\u00bb border_radii_last_edited=\u00a0\u00bbon|tablet\u00a0\u00bb global_colors_info=\u00a0\u00bb{}\u00a0\u00bb][et_pb_column type=\u00a0\u00bb4_4&Prime; _builder_version=\u00a0\u00bb4.16&Prime; global_colors_info=\u00a0\u00bb{}\u00a0\u00bb][et_pb_text _builder_version=\u00a0\u00bb4.16&Prime; text_font=\u00a0\u00bb||||||||\u00a0\u00bb text_font_size=\u00a0\u00bb16px\u00a0\u00bb text_line_height=\u00a0\u00bb1.8em\u00a0\u00bb header_font=\u00a0\u00bb||||||||\u00a0\u00bb header_2_font=\u00a0\u00bbAmatic SC|700|||||||\u00a0\u00bb header_2_font_size=\u00a0\u00bb80px\u00a0\u00bb header_2_line_height=\u00a0\u00bb1.2em\u00a0\u00bb text_orientation=\u00a0\u00bbcenter\u00a0\u00bb max_width=\u00a0\u00bb700px\u00a0\u00bb module_alignment=\u00a0\u00bbcenter\u00a0\u00bb header_2_font_size_tablet=\u00a0\u00bb60px\u00a0\u00bb header_2_font_size_phone=\u00a0\u00bb32px\u00a0\u00bb header_2_font_size_last_edited=\u00a0\u00bbon|phone\u00a0\u00bb locked=\u00a0\u00bboff\u00a0\u00bb global_colors_info=\u00a0\u00bb{}\u00a0\u00bb]<\/p>\n<h2>Looking For A Professional?<\/h2>\n<p>Lorem ipsum dolor sit amet, consectetur adipiscing elit. Morbi volutpat, leo quis hendrerit dictum, sapien libero fermentum justo, eget faucibus diam arcu.<\/p>\n<p>[\/et_pb_text][et_pb_button button_text=\u00a0\u00bbGet Started Today\u00a0\u00bb button_alignment=\u00a0\u00bbcenter\u00a0\u00bb _builder_version=\u00a0\u00bb4.16&Prime; custom_button=\u00a0\u00bbon\u00a0\u00bb button_text_size=\u00a0\u00bb18px\u00a0\u00bb button_bg_color=\u00a0\u00bb#ee6a5b\u00a0\u00bb button_border_color=\u00a0\u00bbrgba(0,0,0,0)\u00a0\u00bb button_border_radius=\u00a0\u00bb50px\u00a0\u00bb button_font=\u00a0\u00bb|700|||||||\u00a0\u00bb button_icon=\u00a0\u00bb&#x24;||divi||400&Prime; background_layout=\u00a0\u00bbdark\u00a0\u00bb custom_padding=\u00a0\u00bb15px|40px|15px|40px|true|true\u00a0\u00bb global_colors_info=\u00a0\u00bb{}\u00a0\u00bb][\/et_pb_button][\/et_pb_column][\/et_pb_row][et_pb_row column_structure=\u00a0\u00bb3_5,2_5&Prime; custom_padding_last_edited=\u00a0\u00bbon|desktop\u00a0\u00bb _builder_version=\u00a0\u00bb4.16&Prime; background_color=\u00a0\u00bb#efebdc\u00a0\u00bb background_image=\u00a0\u00bbhttp:\/\/tout-pour-loulou.com\/wp-content\/uploads\/2022\/10\/dog-walker-11.png\u00a0\u00bb background_size=\u00a0\u00bbcontain\u00a0\u00bb background_position=\u00a0\u00bbbottom_center\u00a0\u00bb width=\u00a0\u00bb90%\u00a0\u00bb width_tablet=\u00a0\u00bb95%\u00a0\u00bb width_phone=\u00a0\u00bb\u00a0\u00bb width_last_edited=\u00a0\u00bbon|desktop\u00a0\u00bb max_width=\u00a0\u00bbnone\u00a0\u00bb module_alignment=\u00a0\u00bbright\u00a0\u00bb custom_padding=\u00a0\u00bb60px|10vw|5vw|40px|false|false\u00a0\u00bb custom_padding_tablet=\u00a0\u00bb|40px|||false|false\u00a0\u00bb custom_padding_phone=\u00a0\u00bb\u00a0\u00bb border_radii_tablet=\u00a0\u00bb|0px|||\u00a0\u00bb border_radii_last_edited=\u00a0\u00bboff|tablet\u00a0\u00bb global_colors_info=\u00a0\u00bb{}\u00a0\u00bb][et_pb_column type=\u00a0\u00bb3_5&Prime; _builder_version=\u00a0\u00bb4.16&Prime; global_colors_info=\u00a0\u00bb{}\u00a0\u00bb][et_pb_image src=\u00a0\u00bbhttp:\/\/tout-pour-loulou.com\/wp-content\/uploads\/2022\/10\/dog-walker-29.jpg\u00a0\u00bb force_fullwidth=\u00a0\u00bbon\u00a0\u00bb _builder_version=\u00a0\u00bb4.16&Prime; custom_margin=\u00a0\u00bb|||-7vw|false|false\u00a0\u00bb custom_margin_tablet=\u00a0\u00bb\u00a0\u00bb custom_margin_phone=\u00a0\u00bb|||0vw|false|false\u00a0\u00bb custom_margin_last_edited=\u00a0\u00bbon|desktop\u00a0\u00bb animation_style=\u00a0\u00bbslide\u00a0\u00bb animation_direction=\u00a0\u00bbleft\u00a0\u00bb animation_intensity_slide=\u00a0\u00bb5%\u00a0\u00bb border_radii=\u00a0\u00bbon|10px|10px|10px|10px\u00a0\u00bb box_shadow_style=\u00a0\u00bbpreset3&Prime; box_shadow_vertical=\u00a0\u00bb76px\u00a0\u00bb box_shadow_blur=\u00a0\u00bb68px\u00a0\u00bb box_shadow_spread=\u00a0\u00bb-28px\u00a0\u00bb box_shadow_color=\u00a0\u00bbrgba(0,0,0,0.32)\u00a0\u00bb global_colors_info=\u00a0\u00bb{}\u00a0\u00bb][\/et_pb_image][\/et_pb_column][et_pb_column type=\u00a0\u00bb2_5&Prime; _builder_version=\u00a0\u00bb4.16&Prime; global_colors_info=\u00a0\u00bb{}\u00a0\u00bb][et_pb_text _builder_version=\u00a0\u00bb4.16&Prime; text_font=\u00a0\u00bb||||||||\u00a0\u00bb text_line_height=\u00a0\u00bb1.8em\u00a0\u00bb header_font=\u00a0\u00bb||||||||\u00a0\u00bb header_3_font=\u00a0\u00bbAmatic SC|700|||||||\u00a0\u00bb header_3_text_color=\u00a0\u00bb#ee6a5b\u00a0\u00bb header_3_font_size=\u00a0\u00bb40px\u00a0\u00bb header_3_line_height=\u00a0\u00bb1.2em\u00a0\u00bb custom_margin=\u00a0\u00bb60px||\u00a0\u00bb global_colors_info=\u00a0\u00bb{}\u00a0\u00bb]<\/p>\n<h3>Get in Touch By Phone Or email<\/h3>\n<p>Morbi volutpat, leo quis hendrerit dictum, sapien libero fermentum justo, eget faucibus diam arcu sit amet nisi. Duis rutrum diam.<\/p>\n<p>[\/et_pb_text][et_pb_text _builder_version=\u00a0\u00bb4.16&Prime; text_font=\u00a0\u00bb||||||||\u00a0\u00bb text_font_size=\u00a0\u00bb16px\u00a0\u00bb text_line_height=\u00a0\u00bb1.8em\u00a0\u00bb header_font=\u00a0\u00bb||||||||\u00a0\u00bb header_3_font=\u00a0\u00bb|700||on|||||\u00a0\u00bb header_3_font_size=\u00a0\u00bb14px\u00a0\u00bb header_3_letter_spacing=\u00a0\u00bb2px\u00a0\u00bb header_3_line_height=\u00a0\u00bb1.8em\u00a0\u00bb global_colors_info=\u00a0\u00bb{}\u00a0\u00bb]<\/p>\n<h3>Phone<\/h3>\n<p>(245) 426-3523<\/p>\n<p>[\/et_pb_text][et_pb_text _builder_version=\u00a0\u00bb4.16&Prime; text_font=\u00a0\u00bb||||||||\u00a0\u00bb text_font_size=\u00a0\u00bb16px\u00a0\u00bb text_line_height=\u00a0\u00bb1.8em\u00a0\u00bb header_font=\u00a0\u00bb||||||||\u00a0\u00bb header_3_font=\u00a0\u00bb|700||on|||||\u00a0\u00bb header_3_font_size=\u00a0\u00bb14px\u00a0\u00bb header_3_letter_spacing=\u00a0\u00bb2px\u00a0\u00bb header_3_line_height=\u00a0\u00bb1.8em\u00a0\u00bb global_colors_info=\u00a0\u00bb{}\u00a0\u00bb]<\/p>\n<h3>Email<\/h3>\n<p>cotanct@dividogwalker.com<\/p>\n<p>[\/et_pb_text][\/et_pb_column][\/et_pb_row][\/et_pb_section]<\/p>\n","protected":false},"excerpt":{"rendered":"<p>actualit\u00e9sjoin The Newsletter Lorem ipsum dolor sit amet, consectetur adipiscing elit. Morbi volutpat, leo quis hendrerit dictum, sapien libero fermentum justo, eget faucibus diam arcu.Looking For A Professional? Lorem ipsum dolor sit amet, consectetur adipiscing elit. Morbi volutpat, leo quis hendrerit dictum, sapien libero fermentum justo, eget faucibus diam arcu.Get in Touch By Phone Or [&hellip;]<\/p>\n","protected":false},"author":1,"featured_media":0,"parent":0,"menu_order":0,"comment_status":"closed","ping_status":"closed","template":"","meta":{"_et_pb_use_builder":"on","_et_pb_old_content":"","_et_gb_content_width":"","footnotes":""},"class_list":["post-257","page","type-page","status-publish","hentry"],"yoast_head":"<!-- This site is optimized with the Yoast SEO plugin v27.2 - https:\/\/yoast.com\/product\/yoast-seo-wordpress\/ -->\n<title>Actualit\u00e9s, infos. - Elevage des jours \u00e9toil\u00e9es<\/title>\n<meta name=\"description\" content=\"naissance b\u00e9b\u00e9 chien \u00e9levage professionnel familiale canin caniche chien pluricolore poils fris\u00e9s dog chiot chiots petits chiens petit chien LOF poodle puddle des jours \u00e9toil\u00e9s loulou toy nain chien heureux bonheur animaux bien \u00eatre\" \/>\n<meta name=\"robots\" content=\"index, follow, max-snippet:-1, max-image-preview:large, max-video-preview:-1\" \/>\n<link rel=\"canonical\" href=\"https:\/\/elevagedesjoursetoiles.fr\/index.php\/actualites\/\" \/>\n<meta name=\"twitter:card\" content=\"summary_large_image\" \/>\n<meta name=\"twitter:title\" content=\"Actualit\u00e9s, infos. - Elevage des jours \u00e9toil\u00e9es\" \/>\n<meta name=\"twitter:description\" content=\"naissance b\u00e9b\u00e9 chien \u00e9levage professionnel familiale canin caniche chien pluricolore poils fris\u00e9s dog chiot chiots petits chiens petit chien LOF poodle puddle des jours \u00e9toil\u00e9s loulou toy nain chien heureux bonheur animaux bien \u00eatre\" \/>\n<meta name=\"twitter:label1\" content=\"Dur\u00e9e de lecture estim\u00e9e\" \/>\n\t<meta name=\"twitter:data1\" content=\"7 minutes\" \/>\n<script type=\"application\/ld+json\" class=\"yoast-schema-graph\">{\"@context\":\"https:\/\/schema.org\",\"@graph\":[{\"@type\":\"WebPage\",\"@id\":\"https:\/\/elevagedesjoursetoiles.fr\/index.php\/actualites\/\",\"url\":\"https:\/\/elevagedesjoursetoiles.fr\/index.php\/actualites\/\",\"name\":\"Actualit\u00e9s, infos. - Elevage des jours \u00e9toil\u00e9es\",\"isPartOf\":{\"@id\":\"https:\/\/elevagedesjoursetoiles.fr\/#website\"},\"datePublished\":\"2022-10-18T09:44:55+00:00\",\"dateModified\":\"2024-11-21T22:50:58+00:00\",\"description\":\"naissance b\u00e9b\u00e9 chien \u00e9levage professionnel familiale canin caniche chien pluricolore poils fris\u00e9s dog chiot chiots petits chiens petit chien LOF poodle puddle des jours \u00e9toil\u00e9s loulou toy nain chien heureux bonheur animaux bien \u00eatre\",\"breadcrumb\":{\"@id\":\"https:\/\/elevagedesjoursetoiles.fr\/index.php\/actualites\/#breadcrumb\"},\"inLanguage\":\"fr-FR\",\"potentialAction\":[{\"@type\":\"ReadAction\",\"target\":[\"https:\/\/elevagedesjoursetoiles.fr\/index.php\/actualites\/\"]}]},{\"@type\":\"BreadcrumbList\",\"@id\":\"https:\/\/elevagedesjoursetoiles.fr\/index.php\/actualites\/#breadcrumb\",\"itemListElement\":[{\"@type\":\"ListItem\",\"position\":1,\"name\":\"Accueil\",\"item\":\"https:\/\/elevagedesjoursetoiles.fr\/\"},{\"@type\":\"ListItem\",\"position\":2,\"name\":\"Actualit\u00e9s, infos.\"}]},{\"@type\":\"WebSite\",\"@id\":\"https:\/\/elevagedesjoursetoiles.fr\/#website\",\"url\":\"https:\/\/elevagedesjoursetoiles.fr\/\",\"name\":\"Elevage des jours \u00e9toil\u00e9es\",\"description\":\"promouvoir \u00e9levage canin professionnel de caniche, spitz.\",\"publisher\":{\"@id\":\"https:\/\/elevagedesjoursetoiles.fr\/#\/schema\/person\/b24c097b59533c6b53e9766f6e2477f9\"},\"potentialAction\":[{\"@type\":\"SearchAction\",\"target\":{\"@type\":\"EntryPoint\",\"urlTemplate\":\"https:\/\/elevagedesjoursetoiles.fr\/?s={search_term_string}\"},\"query-input\":{\"@type\":\"PropertyValueSpecification\",\"valueRequired\":true,\"valueName\":\"search_term_string\"}}],\"inLanguage\":\"fr-FR\"},{\"@type\":[\"Person\",\"Organization\"],\"@id\":\"https:\/\/elevagedesjoursetoiles.fr\/#\/schema\/person\/b24c097b59533c6b53e9766f6e2477f9\",\"name\":\"Magali\",\"image\":{\"@type\":\"ImageObject\",\"inLanguage\":\"fr-FR\",\"@id\":\"https:\/\/elevagedesjoursetoiles.fr\/wp-content\/uploads\/2022\/10\/logo-2.png\",\"url\":\"https:\/\/elevagedesjoursetoiles.fr\/wp-content\/uploads\/2022\/10\/logo-2.png\",\"contentUrl\":\"https:\/\/elevagedesjoursetoiles.fr\/wp-content\/uploads\/2022\/10\/logo-2.png\",\"width\":1000,\"height\":1000,\"caption\":\"Magali\"},\"logo\":{\"@id\":\"https:\/\/elevagedesjoursetoiles.fr\/wp-content\/uploads\/2022\/10\/logo-2.png\"},\"sameAs\":[\"http:\/\/tout-pour-loulou.com\",\"https:\/\/www.facebook.com\/magali.periard.9\/\"]}]}<\/script>\n<!-- \/ Yoast SEO plugin. -->","yoast_head_json":{"title":"Actualit\u00e9s, infos. - Elevage des jours \u00e9toil\u00e9es","description":"naissance b\u00e9b\u00e9 chien \u00e9levage professionnel familiale canin caniche chien pluricolore poils fris\u00e9s dog chiot chiots petits chiens petit chien LOF poodle puddle des jours \u00e9toil\u00e9s loulou toy nain chien heureux bonheur animaux bien \u00eatre","robots":{"index":"index","follow":"follow","max-snippet":"max-snippet:-1","max-image-preview":"max-image-preview:large","max-video-preview":"max-video-preview:-1"},"canonical":"https:\/\/elevagedesjoursetoiles.fr\/index.php\/actualites\/","twitter_card":"summary_large_image","twitter_title":"Actualit\u00e9s, infos. - Elevage des jours \u00e9toil\u00e9es","twitter_description":"naissance b\u00e9b\u00e9 chien \u00e9levage professionnel familiale canin caniche chien pluricolore poils fris\u00e9s dog chiot chiots petits chiens petit chien LOF poodle puddle des jours \u00e9toil\u00e9s loulou toy nain chien heureux bonheur animaux bien \u00eatre","twitter_misc":{"Dur\u00e9e de lecture estim\u00e9e":"7 minutes"},"schema":{"@context":"https:\/\/schema.org","@graph":[{"@type":"WebPage","@id":"https:\/\/elevagedesjoursetoiles.fr\/index.php\/actualites\/","url":"https:\/\/elevagedesjoursetoiles.fr\/index.php\/actualites\/","name":"Actualit\u00e9s, infos. - Elevage des jours \u00e9toil\u00e9es","isPartOf":{"@id":"https:\/\/elevagedesjoursetoiles.fr\/#website"},"datePublished":"2022-10-18T09:44:55+00:00","dateModified":"2024-11-21T22:50:58+00:00","description":"naissance b\u00e9b\u00e9 chien \u00e9levage professionnel familiale canin caniche chien pluricolore poils fris\u00e9s dog chiot chiots petits chiens petit chien LOF poodle puddle des jours \u00e9toil\u00e9s loulou toy nain chien heureux bonheur animaux bien \u00eatre","breadcrumb":{"@id":"https:\/\/elevagedesjoursetoiles.fr\/index.php\/actualites\/#breadcrumb"},"inLanguage":"fr-FR","potentialAction":[{"@type":"ReadAction","target":["https:\/\/elevagedesjoursetoiles.fr\/index.php\/actualites\/"]}]},{"@type":"BreadcrumbList","@id":"https:\/\/elevagedesjoursetoiles.fr\/index.php\/actualites\/#breadcrumb","itemListElement":[{"@type":"ListItem","position":1,"name":"Accueil","item":"https:\/\/elevagedesjoursetoiles.fr\/"},{"@type":"ListItem","position":2,"name":"Actualit\u00e9s, infos."}]},{"@type":"WebSite","@id":"https:\/\/elevagedesjoursetoiles.fr\/#website","url":"https:\/\/elevagedesjoursetoiles.fr\/","name":"Elevage des jours \u00e9toil\u00e9es","description":"promouvoir \u00e9levage canin professionnel de caniche, spitz.","publisher":{"@id":"https:\/\/elevagedesjoursetoiles.fr\/#\/schema\/person\/b24c097b59533c6b53e9766f6e2477f9"},"potentialAction":[{"@type":"SearchAction","target":{"@type":"EntryPoint","urlTemplate":"https:\/\/elevagedesjoursetoiles.fr\/?s={search_term_string}"},"query-input":{"@type":"PropertyValueSpecification","valueRequired":true,"valueName":"search_term_string"}}],"inLanguage":"fr-FR"},{"@type":["Person","Organization"],"@id":"https:\/\/elevagedesjoursetoiles.fr\/#\/schema\/person\/b24c097b59533c6b53e9766f6e2477f9","name":"Magali","image":{"@type":"ImageObject","inLanguage":"fr-FR","@id":"https:\/\/elevagedesjoursetoiles.fr\/wp-content\/uploads\/2022\/10\/logo-2.png","url":"https:\/\/elevagedesjoursetoiles.fr\/wp-content\/uploads\/2022\/10\/logo-2.png","contentUrl":"https:\/\/elevagedesjoursetoiles.fr\/wp-content\/uploads\/2022\/10\/logo-2.png","width":1000,"height":1000,"caption":"Magali"},"logo":{"@id":"https:\/\/elevagedesjoursetoiles.fr\/wp-content\/uploads\/2022\/10\/logo-2.png"},"sameAs":["http:\/\/tout-pour-loulou.com","https:\/\/www.facebook.com\/magali.periard.9\/"]}]}},"_links":{"self":[{"href":"https:\/\/elevagedesjoursetoiles.fr\/index.php\/wp-json\/wp\/v2\/pages\/257","targetHints":{"allow":["GET"]}}],"collection":[{"href":"https:\/\/elevagedesjoursetoiles.fr\/index.php\/wp-json\/wp\/v2\/pages"}],"about":[{"href":"https:\/\/elevagedesjoursetoiles.fr\/index.php\/wp-json\/wp\/v2\/types\/page"}],"author":[{"embeddable":true,"href":"https:\/\/elevagedesjoursetoiles.fr\/index.php\/wp-json\/wp\/v2\/users\/1"}],"replies":[{"embeddable":true,"href":"https:\/\/elevagedesjoursetoiles.fr\/index.php\/wp-json\/wp\/v2\/comments?post=257"}],"version-history":[{"count":19,"href":"https:\/\/elevagedesjoursetoiles.fr\/index.php\/wp-json\/wp\/v2\/pages\/257\/revisions"}],"predecessor-version":[{"id":2173,"href":"https:\/\/elevagedesjoursetoiles.fr\/index.php\/wp-json\/wp\/v2\/pages\/257\/revisions\/2173"}],"wp:attachment":[{"href":"https:\/\/elevagedesjoursetoiles.fr\/index.php\/wp-json\/wp\/v2\/media?parent=257"}],"curies":[{"name":"wp","href":"https:\/\/api.w.org\/{rel}","templated":true}]}}